{"id":1677,"date":"2022-01-11T16:27:28","date_gmt":"2022-01-11T13:27:28","guid":{"rendered":"https:\/\/demirtasmetal.com.tr\/iletisim\/"},"modified":"2022-05-29T22:36:03","modified_gmt":"2022-05-29T19:36:03","slug":"kontakt","status":"publish","type":"page","link":"https:\/\/demirtasmetal.com.tr\/de\/kontakt\/","title":{"rendered":"Kontakt"},"content":{"rendered":"<div class=\"wpb-content-wrapper\"><p>[vc_row row_width=&#8221;wtbx_stretch_row_content&#8221; gap=&#8221;0&#8243; columns_placement=&#8221;bottom&#8221; content_placement=&#8221;bottom&#8221; nav_skin=&#8221;light&#8221; consent_include=&#8221;include&#8221; equal_height=&#8221;true&#8221; el_design=&#8221;{&#8220;desktop&#8220;:{&#8220;padding-bottom&#8220;:&#8220;40px&#8220;}}&#8221;][vc_column el_design=&#8221;{&#8220;desktop&#8220;:{&#8220;padding-top&#8220;:&#8220;0&#8220;,&#8220;padding-right&#8220;:&#8220;0&#8220;,&#8220;padding-bottom&#8220;:&#8220;0&#8220;,&#8220;padding-left&#8220;:&#8220;0&#8220;}}&#8221; css_animation=&#8221;&#8221;][vc_scape_google_map height=&#8221;0&#8243; color_scheme=&#8221;scheme_2&#8243; radius=&#8221;0&#8243; draggable=&#8221;true&#8221; scroll_zoom=&#8221;true&#8221; zoom_control=&#8221;true&#8221; streetview_control=&#8221;true&#8221; map_type_control=&#8221;true&#8221; centering=&#8221;manual&#8221; zoom=&#8221;16&#8243; lat=&#8221;41.05214671790295&#8243; lng=&#8221;28.641347084658328&#8243; locations=&#8221;%5B%7B%22address%22%3A%22Osmangazi%20Mah%2C%20Ziya%20G%C3%B6kalp%20Cd%20No%3A11%2C%2034522%20Esenyurt%2F%C4%B0stanbul%22%2C%22state%22%3A%22on_click%22%2C%22title%22%3A%22%C4%B0leri%20Al%C3%BCminyum%22%2C%22marker_style%22%3A%22default%22%7D%5D&#8221; css_animation=&#8221;&#8221;][\/vc_scape_google_map][\/vc_column][\/vc_row][vc_row nav_skin=&#8221;light&#8221; consent_include=&#8221;include&#8221;][vc_column width=&#8221;1\/3&#8243; css_animation=&#8221;&#8221;][vc_heading heading_text=&#8221;Fabrik&#8221; heading_wrapper=&#8221;h4&#8243; heading_color=&#8221;{&#8220;solid&#8220;:{&#8220;id&#8220;:&#8220;Main accent color&#8220;,&#8220;color&#8220;:&#8220;#174859&#8220;}}&#8221; css_animation=&#8221;&#8221;][vc_empty_space][vc_list_item bullet_style=&#8221;icon&#8221; bullet_size=&#8221;bullet_big&#8221; css_animation=&#8221;&#8221; bullet_icon=&#8221;{&#8220;font&#8220;:&#8220;simplelineicons&#8220;,&#8220;icon&#8220;:&#8220;icon-cursor&#8220;}&#8221; bullet_color=&#8221;{&#8220;id&#8220;:&#8220;custom_7554020556500032&#8220;,&#8220;color&#8220;:&#8220;#f05a28&#8220;}&#8221;]Osmangazi Mah. Ziya G\u00f6kalp Cd. No:11 34522 K\u0131ra\u00e7 &#8211; Esenyurt \/ \u0130STANBUL[\/vc_list_item][vc_list_item bullet_style=&#8221;icon&#8221; bullet_size=&#8221;bullet_big&#8221; css_animation=&#8221;&#8221; bullet_icon=&#8221;{&#8220;font&#8220;:&#8220;simplelineicons&#8220;,&#8220;icon&#8220;:&#8220;icon-phone&#8220;}&#8221; bullet_color=&#8221;{&#8220;id&#8220;:&#8220;custom_7554020556500032&#8220;,&#8220;color&#8220;:&#8220;#f05a28&#8220;}&#8221;]<a href=\"tel:+902128863060\">+90 (212) 886 30 60<\/a>[\/vc_list_item][vc_list_item bullet_style=&#8221;icon&#8221; bullet_size=&#8221;bullet_big&#8221; css_animation=&#8221;&#8221; bullet_icon=&#8221;{&#8220;font&#8220;:&#8220;simplelineicons&#8220;,&#8220;icon&#8220;:&#8220;icon-printer&#8220;}&#8221; bullet_color=&#8221;{&#8220;id&#8220;:&#8220;custom_7554020556500032&#8220;,&#8220;color&#8220;:&#8220;#f05a28&#8220;}&#8221;]+90 (212) 886 30 70[\/vc_list_item][vc_list_item bullet_style=&#8221;icon&#8221; bullet_size=&#8221;bullet_big&#8221; css_animation=&#8221;&#8221; bullet_icon=&#8221;{&#8220;font&#8220;:&#8220;simplelineicons&#8220;,&#8220;icon&#8220;:&#8220;icon-envelope&#8220;}&#8221; bullet_color=&#8221;{&#8220;id&#8220;:&#8220;custom_7554020556500032&#8220;,&#8220;color&#8220;:&#8220;#f05a28&#8220;}&#8221;]<a href=\"mailto:info@demirtasmetal.com\">info@demirtasmetal.com<\/a>[\/vc_list_item][\/vc_column][vc_column el_design=&#8221;{&#8220;desktop&#8220;:{&#8220;padding-top&#8220;:&#8220;15&#8220;,&#8220;padding-right&#8220;:&#8220;15&#8220;,&#8220;padding-bottom&#8220;:&#8220;15&#8220;,&#8220;padding-left&#8220;:&#8220;15&#8220;}}&#8221; width=&#8221;1\/3&#8243; css_animation=&#8221;&#8221;][vc_heading heading_text=&#8221;Verkaufsladen&#8221; heading_wrapper=&#8221;h4&#8243; heading_color=&#8221;{&#8220;solid&#8220;:{&#8220;id&#8220;:&#8220;Main accent color&#8220;,&#8220;color&#8220;:&#8220;#174859&#8220;}}&#8221; css_animation=&#8221;&#8221;][vc_empty_space][vc_list_item bullet_style=&#8221;icon&#8221; bullet_size=&#8221;bullet_big&#8221; css_animation=&#8221;&#8221; bullet_icon=&#8221;{&#8220;font&#8220;:&#8220;simplelineicons&#8220;,&#8220;icon&#8220;:&#8220;icon-cursor&#8220;}&#8221; bullet_color=&#8221;{&#8220;id&#8220;:&#8220;custom_7554020556500032&#8220;,&#8220;color&#8220;:&#8220;#f05a28&#8220;}&#8221;]Osmangazi Mah. 3140.Sok. No:2\/1 K\u0131ra\u00e7 Esenyurt \/ \u0130stanbul[\/vc_list_item][vc_list_item bullet_style=&#8221;icon&#8221; bullet_size=&#8221;bullet_big&#8221; css_animation=&#8221;&#8221; bullet_icon=&#8221;{&#8220;font&#8220;:&#8220;simplelineicons&#8220;,&#8220;icon&#8220;:&#8220;icon-phone&#8220;}&#8221; bullet_color=&#8221;{&#8220;id&#8220;:&#8220;custom_7554020556500032&#8220;,&#8220;color&#8220;:&#8220;#f05a28&#8220;}&#8221;]<a href=\"tel:+902128867540\">+90 (212) 886 75 40-41<\/a>[\/vc_list_item][vc_list_item bullet_style=&#8221;icon&#8221; bullet_size=&#8221;bullet_big&#8221; css_animation=&#8221;&#8221; bullet_icon=&#8221;{&#8220;font&#8220;:&#8220;simplelineicons&#8220;,&#8220;icon&#8220;:&#8220;icon-printer&#8220;}&#8221; bullet_color=&#8221;{&#8220;id&#8220;:&#8220;custom_7554020556500032&#8220;,&#8220;color&#8220;:&#8220;#f05a28&#8220;}&#8221;]+90 (212) 886 75 42[\/vc_list_item][vc_list_item bullet_style=&#8221;icon&#8221; bullet_size=&#8221;bullet_big&#8221; css_animation=&#8221;&#8221; bullet_icon=&#8221;{&#8220;font&#8220;:&#8220;simplelineicons&#8220;,&#8220;icon&#8220;:&#8220;icon-envelope&#8220;}&#8221; bullet_color=&#8221;{&#8220;id&#8220;:&#8220;custom_7554020556500032&#8220;,&#8220;color&#8220;:&#8220;#f05a28&#8220;}&#8221;]<a href=\"mailto:magaza@demirtasmetal.com\">magaza@demirtasmetal.com<\/a>[\/vc_list_item][\/vc_column][vc_column width=&#8221;1\/3&#8243; css_animation=&#8221;&#8221;][vc_heading heading_text=&#8221;Kontakt Formular&#8221; heading_wrapper=&#8221;h4&#8243; heading_color=&#8221;{&#8220;solid&#8220;:{&#8220;id&#8220;:&#8220;Main accent color&#8220;,&#8220;color&#8220;:&#8220;#174859&#8220;}}&#8221; css_animation=&#8221;&#8221;]\n<div class=\"wpcf7 no-js\" id=\"wpcf7-f1682-o1\" lang=\"tr-TR\" dir=\"ltr\" data-wpcf7-id=\"1682\">\n<div class=\"screen-reader-response\"><p role=\"status\" aria-live=\"polite\" aria-atomic=\"true\"><\/p> <ul><\/ul><\/div>\n<form action=\"\/de\/wp-json\/wp\/v2\/pages\/1677#wpcf7-f1682-o1\" method=\"post\" class=\"wpcf7-form init\" aria-label=\"\u0130leti\u015fim Formu\" novalidate=\"novalidate\" data-status=\"init\">\n<fieldset class=\"hidden-fields-container\"><input type=\"hidden\" name=\"_wpcf7\" value=\"1682\" \/><input type=\"hidden\" name=\"_wpcf7_version\" value=\"6.1.5\" \/><input type=\"hidden\" name=\"_wpcf7_locale\" value=\"tr_TR\" \/><input type=\"hidden\" name=\"_wpcf7_unit_tag\" value=\"wpcf7-f1682-o1\" \/><input type=\"hidden\" name=\"_wpcf7_container_post\" value=\"0\" \/><input type=\"hidden\" name=\"_wpcf7_posted_data_hash\" value=\"\" \/>\n<\/fieldset>\n<p><label> Vorname Nachname<br \/>\n<span class=\"wpcf7-form-control-wrap\" data-name=\"your-name\"><input size=\"40\" maxlength=\"400\" class=\"wpcf7-form-control wpcf7-text wpcf7-validates-as-required\" aria-required=\"true\" aria-invalid=\"false\" value=\"\" type=\"text\" name=\"your-name\" \/><\/span> <\/label>\n<\/p>\n<p><label> E-Mail<br \/>\n<span class=\"wpcf7-form-control-wrap\" data-name=\"your-email\"><input size=\"40\" maxlength=\"400\" class=\"wpcf7-form-control wpcf7-email wpcf7-validates-as-required wpcf7-text wpcf7-validates-as-email\" aria-required=\"true\" aria-invalid=\"false\" value=\"\" type=\"email\" name=\"your-email\" \/><\/span> <\/label>\n<\/p>\n<p><label> Subjekt<br \/>\n<span class=\"wpcf7-form-control-wrap\" data-name=\"your-subject\"><input size=\"40\" maxlength=\"400\" class=\"wpcf7-form-control wpcf7-text wpcf7-validates-as-required\" aria-required=\"true\" aria-invalid=\"false\" value=\"\" type=\"text\" name=\"your-subject\" \/><\/span> <\/label>\n<\/p>\n<p><label> Ihre Nachricht<br \/>\n<span class=\"wpcf7-form-control-wrap\" data-name=\"your-message\"><textarea cols=\"40\" rows=\"10\" maxlength=\"2000\" class=\"wpcf7-form-control wpcf7-textarea\" aria-invalid=\"false\" name=\"your-message\"><\/textarea><\/span> <\/label>\n<\/p>\n<p><input class=\"wpcf7-form-control wpcf7-submit has-spinner\" type=\"submit\" value=\"Senden\" \/>\n<\/p><div class=\"wpcf7-response-output\" aria-hidden=\"true\"><\/div>\n<\/form>\n<\/div>\n[\/vc_column][\/vc_row]<\/p>\n<\/div>","protected":false},"excerpt":{"rendered":"<p>[vc_row row_width=&#8221;wtbx_stretch_row_content&#8221; gap=&#8221;0&#8243; columns_placement=&#8221;bottom&#8221; content_placement=&#8221;bottom&#8221; nav_skin=&#8221;light&#8221; consent_include=&#8221;include&#8221; equal_height=&#8221;true&#8221; el_design=&#8221;{&#8220;desktop&#8220;:{&#8220;padding-bottom&#8220;:&#8220;40px&#8220;}}&#8221;][vc_column el_design=&#8221;{&#8220;desktop&#8220;:{&#8220;padding-top&#8220;:&#8220;0&#8220;,&#8220;padding-right&#8220;:&#8220;0&#8220;,&#8220;padding-bottom&#8220;:&#8220;0&#8220;,&#8220;padding-left&#8220;:&#8220;0&#8220;}}&#8221; css_animation=&#8221;&#8221;][vc_scape_google_map height=&#8221;0&#8243; color_scheme=&#8221;scheme_2&#8243; radius=&#8221;0&#8243; draggable=&#8221;true&#8221; scroll_zoom=&#8221;true&#8221; zoom_control=&#8221;true&#8221; streetview_control=&#8221;true&#8221; map_type_control=&#8221;true&#8221; centering=&#8221;manual&#8221; zoom=&#8221;16&#8243; lat=&#8221;41.05214671790295&#8243; lng=&#8221;28.641347084658328&#8243; locations=&#8221;%5B%7B%22address%22%3A%22Osmangazi%20Mah%2C%20Ziya%20G%C3%B6kalp%20Cd%20No%3A11%2C%2034522%20Esenyurt%2F%C4%B0stanbul%22%2C%22state%22%3A%22on_click%22%2C%22title%22%3A%22%C4%B0leri%20Al%C3%BCminyum%22%2C%22marker_style%22%3A%22default%22%7D%5D&#8221; css_animation=&#8221;&#8221;][\/vc_scape_google_map][\/vc_column][\/vc_row][vc_row nav_skin=&#8221;light&#8221; consent_include=&#8221;include&#8221;][vc_column width=&#8221;1\/3&#8243; css_animation=&#8221;&#8221;][vc_heading heading_text=&#8221;Fabrik&#8221; heading_wrapper=&#8221;h4&#8243; heading_color=&#8221;{&#8220;solid&#8220;:{&#8220;id&#8220;:&#8220;Main accent color&#8220;,&#8220;color&#8220;:&#8220;#174859&#8220;}}&#8221; css_animation=&#8221;&#8221;][vc_empty_space][vc_list_item bullet_style=&#8221;icon&#8221; bullet_size=&#8221;bullet_big&#8221; css_animation=&#8221;&#8221; bullet_icon=&#8221;{&#8220;font&#8220;:&#8220;simplelineicons&#8220;,&#8220;icon&#8220;:&#8220;icon-cursor&#8220;}&#8221; bullet_color=&#8221;{&#8220;id&#8220;:&#8220;custom_7554020556500032&#8220;,&#8220;color&#8220;:&#8220;#f05a28&#8220;}&#8221;]Osmangazi Mah. Ziya G\u00f6kalp Cd. No:11 34522 K\u0131ra\u00e7 &#8211; Esenyurt \/ \u0130STANBUL[\/vc_list_item][vc_list_item bullet_style=&#8221;icon&#8221; bullet_size=&#8221;bullet_big&#8221; css_animation=&#8221;&#8221; bullet_icon=&#8221;{&#8220;font&#8220;:&#8220;simplelineicons&#8220;,&#8220;icon&#8220;:&#8220;icon-phone&#8220;}&#8221; bullet_color=&#8221;{&#8220;id&#8220;:&#8220;custom_7554020556500032&#8220;,&#8220;color&#8220;:&#8220;#f05a28&#8220;}&#8221;]+90 (212) 886 30 60[\/vc_list_item][vc_list_item bullet_style=&#8221;icon&#8221; bullet_size=&#8221;bullet_big&#8221; css_animation=&#8221;&#8221; bullet_icon=&#8221;{&#8220;font&#8220;:&#8220;simplelineicons&#8220;,&#8220;icon&#8220;:&#8220;icon-printer&#8220;}&#8221; bullet_color=&#8221;{&#8220;id&#8220;:&#8220;custom_7554020556500032&#8220;,&#8220;color&#8220;:&#8220;#f05a28&#8220;}&#8221;]+90 (212) 886 30 70[\/vc_list_item][vc_list_item bullet_style=&#8221;icon&#8221; bullet_size=&#8221;bullet_big&#8221; css_animation=&#8221;&#8221; bullet_icon=&#8221;{&#8220;font&#8220;:&#8220;simplelineicons&#8220;,&#8220;icon&#8220;:&#8220;icon-envelope&#8220;}&#8221; bullet_color=&#8221;{&#8220;id&#8220;:&#8220;custom_7554020556500032&#8220;,&#8220;color&#8220;:&#8220;#f05a28&#8220;}&#8221;]info@demirtasmetal.com[\/vc_list_item][\/vc_column][vc_column el_design=&#8221;{&#8220;desktop&#8220;:{&#8220;padding-top&#8220;:&#8220;15&#8220;,&#8220;padding-right&#8220;:&#8220;15&#8220;,&#8220;padding-bottom&#8220;:&#8220;15&#8220;,&#8220;padding-left&#8220;:&#8220;15&#8220;}}&#8221; [&hellip;]<\/p>\n","protected":false},"author":1,"featured_media":0,"parent":0,"menu_order":0,"comment_status":"closed","ping_status":"closed","template":"","meta":{"inline_featured_image":false,"footnotes":""},"class_list":["post-1677","page","type-page","status-publish","hentry"],"_links":{"self":[{"href":"https:\/\/demirtasmetal.com.tr\/de\/wp-json\/wp\/v2\/pages\/1677","targetHints":{"allow":["GET"]}}],"collection":[{"href":"https:\/\/demirtasmetal.com.tr\/de\/wp-json\/wp\/v2\/pages"}],"about":[{"href":"https:\/\/demirtasmetal.com.tr\/de\/wp-json\/wp\/v2\/types\/page"}],"author":[{"embeddable":true,"href":"https:\/\/demirtasmetal.com.tr\/de\/wp-json\/wp\/v2\/users\/1"}],"replies":[{"embeddable":true,"href":"https:\/\/demirtasmetal.com.tr\/de\/wp-json\/wp\/v2\/comments?post=1677"}],"version-history":[{"count":6,"href":"https:\/\/demirtasmetal.com.tr\/de\/wp-json\/wp\/v2\/pages\/1677\/revisions"}],"predecessor-version":[{"id":2215,"href":"https:\/\/demirtasmetal.com.tr\/de\/wp-json\/wp\/v2\/pages\/1677\/revisions\/2215"}],"wp:attachment":[{"href":"https:\/\/demirtasmetal.com.tr\/de\/wp-json\/wp\/v2\/media?parent=1677"}],"curies":[{"name":"wp","href":"https:\/\/api.w.org\/{rel}","templated":true}]}}