{"id":1686,"date":"2021-12-15T22:40:12","date_gmt":"2021-12-15T19:40:12","guid":{"rendered":"https:\/\/demirtasmetal.com.tr\/kurumsal\/"},"modified":"2022-05-12T11:47:03","modified_gmt":"2022-05-12T08:47:03","slug":"korporativ","status":"publish","type":"page","link":"https:\/\/demirtasmetal.com.tr\/de\/korporativ\/","title":{"rendered":"Korporativ"},"content":{"rendered":"<div class=\"wpb-content-wrapper\"><p>[vc_row nav_skin=&#8221;light&#8221; consent_include=&#8221;include&#8221;][vc_column css_animation=&#8221;&#8221;][vc_column_text]<\/p>\n<h3>\u00dcber Uns<\/h3>\n<p>Demirta\u015f Metal A.\u015e verf\u00fcgt \u00fcber eine moderne Produktionsfl\u00e4che von 25.000 m2, darunter Extrusionslinien in 3 verschiedenen Gr\u00f6\u00dfen und Kapazit\u00e4ten, eine moderne Werkzeugherstellungswerkstatt, eine Pulverbeschichtungslinie und eine Eloxierungslinie. Die j\u00e4hrliche Profilproduktionskapazit\u00e4t betr\u00e4gt 17.000 Tonnen. Die Oberfl\u00e4chen der hergestellten Profile k\u00f6nnen pulverbeschichtet oder eloxiert werden nach gew\u00fcnschter Art und Eigenschaft.<\/p>\n<p>Die hergestellten Profile werden an vielen Orten eingesetzt, darunter in der Architektur, im Bauwesen, in der Automobil-, Maschinen-, L\u00fcftungs-, K\u00fchl-, Dekorations-, Beleuchtungs-, Elektro- und Elektronikger\u00e4te-, M\u00f6bel- und Zubeh\u00f6rindustrie.<\/p>\n<p>65 % der Produktion gehen in den Export. Die L\u00e4nder, in die wir exportieren, sind die Vereinigten Staaten, Kanada, Deutschland, Frankreich, Italien, die Schweiz, die Niederlande, \u00d6sterreich, Litauen, Ungarn, Serbien, Griechenland, Bosnien und Herz, Albanien, Rum\u00e4nien, Bulgarien, Mazedonien, Malta und der Irak.<\/p>\n<p>\u201eTS EN ISO 9001,:2008, TSE, CE, QUALANOD und QOAL\u0130COAT\u201c sind die Qualit\u00e4tszertifikate, die wir haben.<\/p>\n<p>Die Produktqualit\u00e4t wird in jeder Phase der Produktion von der Qualit\u00e4tskontrollabteilung verfolgt und \u00fcberpr\u00fcft . Alle erforderlichen Qualit\u00e4tspr\u00fcfungen k\u00f6nnen im modernen Labor des Unternehmens durchgef\u00fchrt werden.<\/p>\n<p>Mit seiner modernen und f\u00fcr Innovationen offenen Unternehmensstruktur, globalen und nicht-klassischen Unternehmenskenntnissen und technologischen Einrichtungen und Ausr\u00fcstungen ist DEM\u0130RTA\u015e METAL A.\u015e. im Rahmen seiner Kapazit\u00e4t ein Unternehmen, das jede Branche bedienen kann, die m\u00f6glicherweise Aluminiumprofile ben\u00f6tigt und Qualit\u00e4t und Kundenzufriedenheit als Grundprinzip zu akzeptieren.[\/vc_column_text][\/vc_column][\/vc_row]<\/p>\n<\/div>","protected":false},"excerpt":{"rendered":"<p>[vc_row nav_skin=&#8221;light&#8221; consent_include=&#8221;include&#8221;][vc_column css_animation=&#8221;&#8221;][vc_column_text] \u00dcber Uns Demirta\u015f Metal A.\u015e verf\u00fcgt \u00fcber eine moderne Produktionsfl\u00e4che von 25.000 m2, darunter Extrusionslinien in 3 verschiedenen Gr\u00f6\u00dfen und Kapazit\u00e4ten, eine moderne Werkzeugherstellungswerkstatt, eine Pulverbeschichtungslinie und eine Eloxierungslinie. Die j\u00e4hrliche Profilproduktionskapazit\u00e4t betr\u00e4gt 17.000 Tonnen. Die Oberfl\u00e4chen der hergestellten Profile k\u00f6nnen pulverbeschichtet oder eloxiert werden nach gew\u00fcnschter Art und Eigenschaft. Die hergestellten Profile werden an vielen Orten eingesetzt, darunter in der Architektur, im Bauwesen, in der Automobil-, Maschinen-, L\u00fcftungs-, K\u00fchl-, Dekorations-, [&hellip;]<\/p>\n","protected":false},"author":1,"featured_media":1497,"parent":0,"menu_order":0,"comment_status":"closed","ping_status":"closed","template":"","meta":{"inline_featured_image":false,"footnotes":""},"class_list":["post-1686","page","type-page","status-publish","has-post-thumbnail","hentry"],"_links":{"self":[{"href":"https:\/\/demirtasmetal.com.tr\/de\/wp-json\/wp\/v2\/pages\/1686","targetHints":{"allow":["GET"]}}],"collection":[{"href":"https:\/\/demirtasmetal.com.tr\/de\/wp-json\/wp\/v2\/pages"}],"about":[{"href":"https:\/\/demirtasmetal.com.tr\/de\/wp-json\/wp\/v2\/types\/page"}],"author":[{"embeddable":true,"href":"https:\/\/demirtasmetal.com.tr\/de\/wp-json\/wp\/v2\/users\/1"}],"replies":[{"embeddable":true,"href":"https:\/\/demirtasmetal.com.tr\/de\/wp-json\/wp\/v2\/comments?post=1686"}],"version-history":[{"count":3,"href":"https:\/\/demirtasmetal.com.tr\/de\/wp-json\/wp\/v2\/pages\/1686\/revisions"}],"predecessor-version":[{"id":2127,"href":"https:\/\/demirtasmetal.com.tr\/de\/wp-json\/wp\/v2\/pages\/1686\/revisions\/2127"}],"wp:featuredmedia":[{"embeddable":true,"href":"https:\/\/demirtasmetal.com.tr\/de\/wp-json\/wp\/v2\/media\/1497"}],"wp:attachment":[{"href":"https:\/\/demirtasmetal.com.tr\/de\/wp-json\/wp\/v2\/media?parent=1686"}],"curies":[{"name":"wp","href":"https:\/\/api.w.org\/{rel}","templated":true}]}}