{"id":1688,"date":"2022-01-11T14:04:29","date_gmt":"2022-01-11T11:04:29","guid":{"rendered":"https:\/\/demirtasmetal.com.tr\/markalar\/"},"modified":"2022-05-29T22:32:54","modified_gmt":"2022-05-29T19:32:54","slug":"marken","status":"publish","type":"page","link":"https:\/\/demirtasmetal.com.tr\/de\/marken\/","title":{"rendered":"Marken"},"content":{"rendered":"<div class=\"wpb-content-wrapper\"><p>[vc_row nav_skin=&#8221;light&#8221; consent_include=&#8221;include&#8221;][vc_column css_animation=&#8221;&#8221;][vc_custom_tabs style=&#8221;style_1&#8243; skin=&#8221;light&#8221; scheme=&#8221;default&#8221; title_wrapper=&#8221;div&#8221; tab_animation=&#8221;default&#8221; css_animation=&#8221;&#8221;][vc_custom_tab title=&#8221;Aludem&#8221; tab_id=&#8221;tab-1641898886-1-5&#8243;][vc_single_image image=&#8221;553&#8243; img_size=&#8221;534&#215;132&#8243;][vc_column_text]Aludem ist ein neues Warenzeichen von Demirta\u015f Metal A\u015f. f\u00fcr Architektursysteme.<\/p>\n<p>Mit dem Hauptziel, die Marke Aludem zu schaffen, m\u00f6chten wir mit unserem professionellen Personal exakte und praktische schnelle L\u00f6sungen finden, um Hersteller und Anwender mit der Verwendung funktioneller Produkte und Zubeh\u00f6rteile zufrieden zu stellen, auch ohne die kleinsten Details im Architekturbereich zu \u00fcberspringen.<\/p>\n<p>Bei der Entwicklung von Aludem Mark haben wir Benutzerfreundlichkeit, minimalen Zubeh\u00f6r- und Profilbestand, minimale Arbeitskraft und Fehlerquote, Sicherheit und Energieeffizienz in den Vordergrund gestellt. Wir haben uns darauf konzentriert, L\u00f6sungen f\u00fcr bestehende Systeme mit unzureichenden Seiten zu finden.<\/p>\n<p>F\u00fcr Mark of Aludem werden alle notwendigen Profile und Zubeh\u00f6rteile kurzfristig produziert und alle notwendigen Parameter in den Systemen \u00fcberarbeitet, um eine 100%ige Kundenzufriedenheit zu erreichen.<\/p>\n<p>Aludem Mark w\u00e4chst, indem es mit erfahrenen Mitarbeitern und 30 Jahren Branchenkenntnis unterst\u00fctzt.<\/p>\n<p>Wir glauben fest daran, dass Aludem Mark mit der Unterst\u00fctzung unserer Kunden und deren Ratschl\u00e4gen einen besseren Platz in der Branche einnehmen wird.<\/p>\n<p>Aufrichtig,[\/vc_column_text][\/vc_custom_tab][\/vc_custom_tabs][\/vc_column][\/vc_row]<\/p>\n<\/div>","protected":false},"excerpt":{"rendered":"<p>[vc_row nav_skin=&#8221;light&#8221; consent_include=&#8221;include&#8221;][vc_column css_animation=&#8221;&#8221;][vc_custom_tabs style=&#8221;style_1&#8243; skin=&#8221;light&#8221; scheme=&#8221;default&#8221; title_wrapper=&#8221;div&#8221; tab_animation=&#8221;default&#8221; css_animation=&#8221;&#8221;][vc_custom_tab title=&#8221;Aludem&#8221; tab_id=&#8221;tab-1641898886-1-5&#8243;][vc_single_image image=&#8221;553&#8243; img_size=&#8221;534&#215;132&#8243;][vc_column_text]Aludem ist ein neues Warenzeichen von Demirta\u015f Metal A\u015f. f\u00fcr Architektursysteme. Mit dem Hauptziel, die Marke Aludem zu schaffen, m\u00f6chten wir mit unserem professionellen Personal exakte und praktische schnelle L\u00f6sungen finden, um Hersteller und Anwender mit der Verwendung funktioneller Produkte und Zubeh\u00f6rteile zufrieden zu stellen, auch ohne die kleinsten Details im Architekturbereich zu \u00fcberspringen. Bei der Entwicklung von Aludem Mark haben wir [&hellip;]<\/p>\n","protected":false},"author":1,"featured_media":1497,"parent":0,"menu_order":0,"comment_status":"closed","ping_status":"closed","template":"","meta":{"inline_featured_image":false,"footnotes":""},"class_list":["post-1688","page","type-page","status-publish","has-post-thumbnail","hentry"],"_links":{"self":[{"href":"https:\/\/demirtasmetal.com.tr\/de\/wp-json\/wp\/v2\/pages\/1688","targetHints":{"allow":["GET"]}}],"collection":[{"href":"https:\/\/demirtasmetal.com.tr\/de\/wp-json\/wp\/v2\/pages"}],"about":[{"href":"https:\/\/demirtasmetal.com.tr\/de\/wp-json\/wp\/v2\/types\/page"}],"author":[{"embeddable":true,"href":"https:\/\/demirtasmetal.com.tr\/de\/wp-json\/wp\/v2\/users\/1"}],"replies":[{"embeddable":true,"href":"https:\/\/demirtasmetal.com.tr\/de\/wp-json\/wp\/v2\/comments?post=1688"}],"version-history":[{"count":3,"href":"https:\/\/demirtasmetal.com.tr\/de\/wp-json\/wp\/v2\/pages\/1688\/revisions"}],"predecessor-version":[{"id":2209,"href":"https:\/\/demirtasmetal.com.tr\/de\/wp-json\/wp\/v2\/pages\/1688\/revisions\/2209"}],"wp:featuredmedia":[{"embeddable":true,"href":"https:\/\/demirtasmetal.com.tr\/de\/wp-json\/wp\/v2\/media\/1497"}],"wp:attachment":[{"href":"https:\/\/demirtasmetal.com.tr\/de\/wp-json\/wp\/v2\/media?parent=1688"}],"curies":[{"name":"wp","href":"https:\/\/api.w.org\/{rel}","templated":true}]}}