{"id":1712,"date":"2022-01-10T18:49:42","date_gmt":"2022-01-10T15:49:42","guid":{"rendered":"https:\/\/demirtasmetal.com.tr\/unternehmen\/misyon-vizyon\/"},"modified":"2022-05-06T20:15:45","modified_gmt":"2022-05-06T17:15:45","slug":"mission-vision","status":"publish","type":"page","link":"https:\/\/demirtasmetal.com.tr\/de\/korporativ\/mission-vision\/","title":{"rendered":"Mission &#038; Vision"},"content":{"rendered":"<h3>Mission &amp; Vision<\/h3>\n<p>Mission<br \/>\n\u00bb Es soll die Produktion durchf\u00fchren<br \/>\n\u00bb das den internationalen Standards entspricht,<br \/>\n\u00bb Das ber\u00fccksichtigt die Zufriedenheit unserer Kunden durch die Erf\u00fcllung ihrer Anforderungen und Erwartungen,<br \/>\n\u00bb Das sensibel f\u00fcr Umweltbewusstsein, Sicherheit und \u00e4sthetische Einsicht ist,<br \/>\n\u00bb Und mit innovativen Anwendungen zu den f\u00fchrenden Herstellern der Branche zu geh\u00f6ren.<\/p>\n<p>Vision<br \/>\n\u00bb Um die Bed\u00fcrfnisse und Erwartungen unserer Kunden mit qualitativ hochwertigeren Produkten und Dienstleistungen zu erf\u00fcllen.<br \/>\n\u00bb Um die Anforderungen und Erwartungen unserer Kunden mit einem Produkt und einer Dienstleistung von h\u00f6herer Qualit\u00e4t als erwartet zu erf\u00fcllen,<br \/>\n\u00bb Kontinuierlich hart daran arbeiten, der Gesellschaft, den moralischen Werten, der nat\u00fcrlichen Umwelt und der Menschheit zugute zu kommen.<\/p>\n","protected":false},"excerpt":{"rendered":"<p>Mission &amp; Vision Mission \u00bb Es soll die Produktion durchf\u00fchren \u00bb das den internationalen Standards entspricht, \u00bb Das ber\u00fccksichtigt die Zufriedenheit unserer Kunden durch die Erf\u00fcllung ihrer Anforderungen und Erwartungen, \u00bb Das sensibel f\u00fcr Umweltbewusstsein, Sicherheit und \u00e4sthetische Einsicht ist, \u00bb Und mit innovativen Anwendungen zu den f\u00fchrenden Herstellern der Branche zu geh\u00f6ren. Vision \u00bb Um die Bed\u00fcrfnisse und Erwartungen unserer Kunden mit qualitativ hochwertigeren Produkten und Dienstleistungen zu erf\u00fcllen. \u00bb Um die Anforderungen und [&hellip;]<\/p>\n","protected":false},"author":1,"featured_media":1505,"parent":1686,"menu_order":0,"comment_status":"closed","ping_status":"closed","template":"","meta":{"inline_featured_image":false,"footnotes":""},"class_list":["post-1712","page","type-page","status-publish","has-post-thumbnail","hentry"],"_links":{"self":[{"href":"https:\/\/demirtasmetal.com.tr\/de\/wp-json\/wp\/v2\/pages\/1712","targetHints":{"allow":["GET"]}}],"collection":[{"href":"https:\/\/demirtasmetal.com.tr\/de\/wp-json\/wp\/v2\/pages"}],"about":[{"href":"https:\/\/demirtasmetal.com.tr\/de\/wp-json\/wp\/v2\/types\/page"}],"author":[{"embeddable":true,"href":"https:\/\/demirtasmetal.com.tr\/de\/wp-json\/wp\/v2\/users\/1"}],"replies":[{"embeddable":true,"href":"https:\/\/demirtasmetal.com.tr\/de\/wp-json\/wp\/v2\/comments?post=1712"}],"version-history":[{"count":1,"href":"https:\/\/demirtasmetal.com.tr\/de\/wp-json\/wp\/v2\/pages\/1712\/revisions"}],"predecessor-version":[{"id":1729,"href":"https:\/\/demirtasmetal.com.tr\/de\/wp-json\/wp\/v2\/pages\/1712\/revisions\/1729"}],"up":[{"embeddable":true,"href":"https:\/\/demirtasmetal.com.tr\/de\/wp-json\/wp\/v2\/pages\/1686"}],"wp:featuredmedia":[{"embeddable":true,"href":"https:\/\/demirtasmetal.com.tr\/de\/wp-json\/wp\/v2\/media\/1505"}],"wp:attachment":[{"href":"https:\/\/demirtasmetal.com.tr\/de\/wp-json\/wp\/v2\/media?parent=1712"}],"curies":[{"name":"wp","href":"https:\/\/api.w.org\/{rel}","templated":true}]}}