{"id":1718,"date":"2022-01-10T18:50:21","date_gmt":"2022-01-10T15:50:21","guid":{"rendered":"https:\/\/demirtasmetal.com.tr\/unternehmen\/kalite-politikasi\/"},"modified":"2026-01-20T16:18:54","modified_gmt":"2026-01-20T13:18:54","slug":"richtlinie-fuer-ein-integriertes-managementsystem","status":"publish","type":"page","link":"https:\/\/demirtasmetal.com.tr\/de\/korporativ\/richtlinie-fuer-ein-integriertes-managementsystem\/","title":{"rendered":"Richtlinie f\u00fcr ein integriertes Managementsystem"},"content":{"rendered":"<div class=\"wpb-content-wrapper\"><p>[vc_row nav_skin=&#8221;light&#8221; consent_include=&#8221;include&#8221;][vc_column css_animation=&#8221;&#8221;][vc_column_text css=&#8221;&#8221;]<\/p>\n<h3>Richtlinie f\u00fcr ein integriertes Managementsystem<\/h3>\n<p>Gesch\u00e4ftsleitung von Demirta\u015f Metal Aluminum Profile Industry and Trade Inc.; Im Rahmen der integrierten Managementsystemrichtlinie, die in \u00dcbereinstimmung mit den Bed\u00fcrfnissen und Erwartungen der Stakeholder hinsichtlich des Unternehmenskontexts und der strategischen Ausrichtung erstellt wurde, verfolgt das Unternehmen folgende Ziele: Steigerung der Wettbewerbsf\u00e4higkeit auf nationalen und internationalen M\u00e4rkten im Bereich Aluminiumprofile; Herstellung qualitativ hochwertiger und wirtschaftlicher Produkte gem\u00e4\u00df nationalen und internationalen Standards; Sicherstellung der Kundenzufriedenheit durch vollst\u00e4ndige Erf\u00fcllung der Kundenanforderungen und termingerechte Lieferung; Verbesserung des Qualit\u00e4ts-, Umwelt- und Arbeitsschutzbewusstseins von Lieferanten und Subunternehmern und Steigerung ihrer Leistungsf\u00e4higkeit in der Zusammenarbeit; Reduzierung des Verbrauchs nat\u00fcrlicher Ressourcen durch Priorisierung des Umweltschutzes; Vermeidung von Abfall, Kontrolle gef\u00e4hrlicher und ungef\u00e4hrlicher Abf\u00e4lle und kontinuierliche Verbesserung der Umweltauswirkungen; Schutz der Gesundheit und Sicherheit der Mitarbeiter im Rahmen des Arbeitsschutzes; Verhinderung von Arbeitsunf\u00e4llen und Berufskrankheiten; Beseitigung oder Reduzierung von Risiken auf ein akzeptables Ma\u00df; Festlegung von Zielen zur Reduzierung der Anzahl und des Wiederauftretens von Arbeitsunf\u00e4llen und \u00dcberwachung dieser Ziele anhand von Arbeitsunfallstatistiken und grafischen Daten; Sicherstellung der Beteiligung und Beratung der Mitarbeiter in Fragen des Arbeitsschutzes; Entwicklung einer sicheren Arbeitskultur durch Ber\u00fccksichtigung ihrer Meinungen und Vorschl\u00e4ge. Das integrierte Managementsystem dient der F\u00f6rderung von Kompetenz, Bewusstsein, Beteiligung und Motivation der Mitarbeitenden sowie der Einhaltung geltender Qualit\u00e4ts-, Umwelt- und Arbeitsschutzbestimmungen. Die Einhaltung gesetzlicher und sonstiger Vorgaben und die Gew\u00e4hrleistung der Effektivit\u00e4t und kontinuierlichen Verbesserung des integrierten Managementsystems sind als oberste Managementrichtlinie verankert und werden von der Gesch\u00e4ftsleitung aktiv unterst\u00fctzt.<\/p>\n<p>(Ver\u00f6ffentlichungsdatum: 05.01.2021 | \u00dcberarbeitungsdatum: 17.01.2026 | Revisionsnummer: 3)[\/vc_column_text][\/vc_column][\/vc_row]<\/p>\n<\/div>","protected":false},"excerpt":{"rendered":"<p>[vc_row nav_skin=&#8221;light&#8221; consent_include=&#8221;include&#8221;][vc_column css_animation=&#8221;&#8221;][vc_column_text css=&#8221;&#8221;] Richtlinie f\u00fcr ein integriertes Managementsystem Gesch\u00e4ftsleitung von Demirta\u015f Metal Aluminum Profile Industry and Trade Inc.; Im Rahmen der integrierten Managementsystemrichtlinie, die in \u00dcbereinstimmung mit den Bed\u00fcrfnissen und Erwartungen der Stakeholder hinsichtlich des Unternehmenskontexts und der strategischen Ausrichtung erstellt wurde, verfolgt das Unternehmen folgende Ziele: Steigerung der Wettbewerbsf\u00e4higkeit auf nationalen und internationalen M\u00e4rkten im Bereich Aluminiumprofile; Herstellung qualitativ hochwertiger und wirtschaftlicher Produkte gem\u00e4\u00df nationalen und internationalen Standards; Sicherstellung der Kundenzufriedenheit durch [&hellip;]<\/p>\n","protected":false},"author":1,"featured_media":1507,"parent":1686,"menu_order":0,"comment_status":"closed","ping_status":"closed","template":"","meta":{"inline_featured_image":false,"footnotes":""},"class_list":["post-1718","page","type-page","status-publish","has-post-thumbnail","hentry"],"_links":{"self":[{"href":"https:\/\/demirtasmetal.com.tr\/de\/wp-json\/wp\/v2\/pages\/1718","targetHints":{"allow":["GET"]}}],"collection":[{"href":"https:\/\/demirtasmetal.com.tr\/de\/wp-json\/wp\/v2\/pages"}],"about":[{"href":"https:\/\/demirtasmetal.com.tr\/de\/wp-json\/wp\/v2\/types\/page"}],"author":[{"embeddable":true,"href":"https:\/\/demirtasmetal.com.tr\/de\/wp-json\/wp\/v2\/users\/1"}],"replies":[{"embeddable":true,"href":"https:\/\/demirtasmetal.com.tr\/de\/wp-json\/wp\/v2\/comments?post=1718"}],"version-history":[{"count":2,"href":"https:\/\/demirtasmetal.com.tr\/de\/wp-json\/wp\/v2\/pages\/1718\/revisions"}],"predecessor-version":[{"id":2361,"href":"https:\/\/demirtasmetal.com.tr\/de\/wp-json\/wp\/v2\/pages\/1718\/revisions\/2361"}],"up":[{"embeddable":true,"href":"https:\/\/demirtasmetal.com.tr\/de\/wp-json\/wp\/v2\/pages\/1686"}],"wp:featuredmedia":[{"embeddable":true,"href":"https:\/\/demirtasmetal.com.tr\/de\/wp-json\/wp\/v2\/media\/1507"}],"wp:attachment":[{"href":"https:\/\/demirtasmetal.com.tr\/de\/wp-json\/wp\/v2\/media?parent=1718"}],"curies":[{"name":"wp","href":"https:\/\/api.w.org\/{rel}","templated":true}]}}