{"id":1722,"date":"2022-01-10T18:54:35","date_gmt":"2022-01-10T15:54:35","guid":{"rendered":"https:\/\/demirtasmetal.com.tr\/unternehmen\/belgeler\/"},"modified":"2026-03-11T12:41:24","modified_gmt":"2026-03-11T09:41:24","slug":"zertifikate","status":"publish","type":"page","link":"https:\/\/demirtasmetal.com.tr\/de\/korporativ\/zertifikate\/","title":{"rendered":"Zertifikate"},"content":{"rendered":"<div class=\"wpb-content-wrapper\"><p>[vc_row nav_skin=&#8221;light&#8221; consent_include=&#8221;include&#8221;][vc_column css_animation=&#8221;&#8221;][vc_column_text]<\/p>\n<h3>Zertifikate<\/h3>\n<p>[\/vc_column_text][vc_row_inner consent_include=&#8221;include&#8221;][vc_column_inner width=&#8221;1\/4&#8243; css_animation=&#8221;&#8221;][vc_image_caption image=&#8221;734&#8243; style=&#8221;style_1&#8243; caption_appear=&#8221;caption_appear&#8221; skin=&#8221;light&#8221; shadow=&#8221;shadow_medium&#8221; radius=&#8221;6&#8243; title=&#8221;&#8221; description=&#8221;Belgeyi G\u00f6r\u00fcnt\u00fcle&#8221; img_link=&#8221;page_link&#8221; preloader=&#8221;&#8221; css_animation=&#8221;&#8221; link=&#8221;url:https%3A%2F%2Fdemirtasmetal.com.tr%2Fwp-content%2Fuploads%2F2026%2F03%2FQUALICOT.pdf|target:_blank&#8221;][\/vc_column_inner][vc_column_inner width=&#8221;1\/4&#8243; css_animation=&#8221;&#8221;][vc_image_caption image=&#8221;733&#8243; style=&#8221;style_1&#8243; caption_appear=&#8221;caption_appear&#8221; skin=&#8221;light&#8221; shadow=&#8221;shadow_medium&#8221; radius=&#8221;6&#8243; title=&#8221;&#8221; description=&#8221;Belgeyi G\u00f6r\u00fcnt\u00fcle&#8221; img_link=&#8221;page_link&#8221; preloader=&#8221;&#8221; css_animation=&#8221;&#8221; link=&#8221;url:https%3A%2F%2Fdemirtasmetal.com.tr%2Fwp-content%2Fuploads%2F2026%2F03%2FQUALANOD.pdf|target:_blank&#8221;][\/vc_column_inner][vc_column_inner width=&#8221;1\/4&#8243; css_animation=&#8221;&#8221;][vc_image_caption image=&#8221;2349&#8243; style=&#8221;style_1&#8243; caption_appear=&#8221;caption_appear&#8221; skin=&#8221;light&#8221; shadow=&#8221;shadow_medium&#8221; radius=&#8221;6&#8243; title=&#8221;&#8221; description=&#8221;Belgeyi G\u00f6r\u00fcnt\u00fcle&#8221; img_link=&#8221;page_link&#8221; preloader=&#8221;&#8221; css_animation=&#8221;&#8221; link=&#8221;url:https%3A%2F%2Fdemirtasmetal.com.tr%2Fwp-content%2Fuploads%2F2026%2F03%2FEN-15088-EN.pdf|target:_blank&#8221;][\/vc_column_inner][vc_column_inner width=&#8221;1\/4&#8243; css_animation=&#8221;&#8221;][vc_image_caption image=&#8221;2245&#8243; style=&#8221;style_1&#8243; caption_appear=&#8221;caption_appear&#8221; skin=&#8221;light&#8221; shadow=&#8221;shadow_medium&#8221; radius=&#8221;6&#8243; title=&#8221;&#8221; description=&#8221;Belgeyi G\u00f6r\u00fcnt\u00fcle&#8221; img_link=&#8221;page_link&#8221; preloader=&#8221;&#8221; css_animation=&#8221;&#8221; link=&#8221;url:https%3A%2F%2Fdemirtasmetal.com.tr%2Fwp-content%2Fuploads%2F2026%2F03%2FISO-9001_EN.pdf|target:_blank&#8221;][\/vc_column_inner][\/vc_row_inner][vc_row_inner consent_include=&#8221;include&#8221;][vc_column_inner width=&#8221;1\/4&#8243; css_animation=&#8221;&#8221;][vc_image_caption image=&#8221;2402&#8243; style=&#8221;style_1&#8243; caption_appear=&#8221;caption_appear&#8221; skin=&#8221;light&#8221; shadow=&#8221;shadow_medium&#8221; radius=&#8221;6&#8243; title=&#8221;&#8221; description=&#8221;Belgeyi G\u00f6r\u00fcnt\u00fcle&#8221; img_link=&#8221;page_link&#8221; preloader=&#8221;&#8221; css_animation=&#8221;&#8221; link=&#8221;url:https%3A%2F%2Fdemirtasmetal.com.tr%2Fwp-content%2Fuploads%2F2026%2F03%2FISO-45001_EN.pdf|target:_blank&#8221;][\/vc_column_inner][vc_column_inner width=&#8221;1\/4&#8243; css_animation=&#8221;&#8221;][vc_image_caption image=&#8221;2248&#8243; style=&#8221;style_1&#8243; caption_appear=&#8221;caption_appear&#8221; skin=&#8221;light&#8221; shadow=&#8221;shadow_medium&#8221; radius=&#8221;6&#8243; title=&#8221;&#8221; description=&#8221;Belgeyi G\u00f6r\u00fcnt\u00fcle&#8221; img_link=&#8221;page_link&#8221; preloader=&#8221;&#8221; css_animation=&#8221;&#8221; link=&#8221;url:https%3A%2F%2Fdemirtasmetal.com.tr%2Fwp-content%2Fuploads%2F2026%2F03%2FTSE-BELGESI-PROFILLER.pdf|target:_blank&#8221;][\/vc_column_inner][vc_column_inner width=&#8221;1\/4&#8243; css_animation=&#8221;&#8221;][vc_image_caption image=&#8221;2248&#8243; style=&#8221;style_1&#8243; caption_appear=&#8221;caption_appear&#8221; skin=&#8221;light&#8221; shadow=&#8221;shadow_medium&#8221; radius=&#8221;6&#8243; title=&#8221;&#8221; description=&#8221;Belgeyi G\u00f6r\u00fcnt\u00fcle&#8221; img_link=&#8221;page_link&#8221; preloader=&#8221;&#8221; css_animation=&#8221;&#8221; link=&#8221;url:https%3A%2F%2Fdemirtasmetal.com.tr%2Fwp-content%2Fuploads%2F2026%2F03%2FTSE-BELGESI-BORULAR.pdf|target:_blank&#8221;][\/vc_column_inner][vc_column_inner width=&#8221;1\/4&#8243; css_animation=&#8221;&#8221;][vc_image_caption image=&#8221;2305&#8243; style=&#8221;style_1&#8243; caption_appear=&#8221;caption_appear&#8221; skin=&#8221;light&#8221; shadow=&#8221;shadow_medium&#8221; radius=&#8221;6&#8243; title=&#8221;&#8221; description=&#8221;Belgeyi G\u00f6r\u00fcnt\u00fcle&#8221; img_link=&#8221;page_link&#8221; preloader=&#8221;&#8221; css_animation=&#8221;&#8221; link=&#8221;url:https%3A%2F%2Fdemirtasmetal.com.tr%2Fwp-content%2Fuploads%2F2024%2F06%2FISO-14064-KARBONDIOKSIT-SERTIFIKASI.pdf|target:_blank&#8221;][\/vc_column_inner][\/vc_row_inner][vc_row_inner consent_include=&#8221;include&#8221;][vc_column_inner width=&#8221;1\/4&#8243; css_animation=&#8221;&#8221;][vc_image_caption image=&#8221;2415&#8243; style=&#8221;style_1&#8243; caption_appear=&#8221;caption_appear&#8221; skin=&#8221;light&#8221; shadow=&#8221;shadow_medium&#8221; radius=&#8221;6&#8243; title=&#8221;&#8221; description=&#8221;Belgeyi G\u00f6r\u00fcnt\u00fcle&#8221; img_link=&#8221;page_link&#8221; preloader=&#8221;&#8221; css_animation=&#8221;&#8221; link=&#8221;url:https%3A%2F%2Fdemirtasmetal.com.tr%2Fwp-content%2Fuploads%2F2026%2F03%2FISO-14001_EN.pdf|target:_blank&#8221;][\/vc_column_inner][vc_column_inner width=&#8221;1\/4&#8243; css_animation=&#8221;&#8221;][\/vc_column_inner][vc_column_inner width=&#8221;1\/4&#8243; css_animation=&#8221;&#8221;][\/vc_column_inner][vc_column_inner width=&#8221;1\/4&#8243; css_animation=&#8221;&#8221;][\/vc_column_inner][\/vc_row_inner][\/vc_column][\/vc_row]<\/p>\n<\/div>","protected":false},"excerpt":{"rendered":"<p>[vc_row nav_skin=&#8221;light&#8221; consent_include=&#8221;include&#8221;][vc_column css_animation=&#8221;&#8221;][vc_column_text] Zertifikate [\/vc_column_text][vc_row_inner consent_include=&#8221;include&#8221;][vc_column_inner width=&#8221;1\/4&#8243; css_animation=&#8221;&#8221;][vc_image_caption image=&#8221;734&#8243; style=&#8221;style_1&#8243; caption_appear=&#8221;caption_appear&#8221; skin=&#8221;light&#8221; shadow=&#8221;shadow_medium&#8221; radius=&#8221;6&#8243; title=&#8221;&#8221; description=&#8221;Belgeyi G\u00f6r\u00fcnt\u00fcle&#8221; img_link=&#8221;page_link&#8221; preloader=&#8221;&#8221; css_animation=&#8221;&#8221; link=&#8221;url:https%3A%2F%2Fdemirtasmetal.com.tr%2Fwp-content%2Fuploads%2F2026%2F03%2FQUALICOT.pdf|target:_blank&#8221;][\/vc_column_inner][vc_column_inner width=&#8221;1\/4&#8243; css_animation=&#8221;&#8221;][vc_image_caption image=&#8221;733&#8243; style=&#8221;style_1&#8243; caption_appear=&#8221;caption_appear&#8221; skin=&#8221;light&#8221; shadow=&#8221;shadow_medium&#8221; radius=&#8221;6&#8243; title=&#8221;&#8221; description=&#8221;Belgeyi G\u00f6r\u00fcnt\u00fcle&#8221; img_link=&#8221;page_link&#8221; preloader=&#8221;&#8221; css_animation=&#8221;&#8221; link=&#8221;url:https%3A%2F%2Fdemirtasmetal.com.tr%2Fwp-content%2Fuploads%2F2026%2F03%2FQUALANOD.pdf|target:_blank&#8221;][\/vc_column_inner][vc_column_inner width=&#8221;1\/4&#8243; css_animation=&#8221;&#8221;][vc_image_caption image=&#8221;2349&#8243; style=&#8221;style_1&#8243; caption_appear=&#8221;caption_appear&#8221; skin=&#8221;light&#8221; shadow=&#8221;shadow_medium&#8221; radius=&#8221;6&#8243; title=&#8221;&#8221; description=&#8221;Belgeyi G\u00f6r\u00fcnt\u00fcle&#8221; img_link=&#8221;page_link&#8221; preloader=&#8221;&#8221; css_animation=&#8221;&#8221; link=&#8221;url:https%3A%2F%2Fdemirtasmetal.com.tr%2Fwp-content%2Fuploads%2F2026%2F03%2FEN-15088-EN.pdf|target:_blank&#8221;][\/vc_column_inner][vc_column_inner width=&#8221;1\/4&#8243; css_animation=&#8221;&#8221;][vc_image_caption image=&#8221;2245&#8243; style=&#8221;style_1&#8243; caption_appear=&#8221;caption_appear&#8221; skin=&#8221;light&#8221; shadow=&#8221;shadow_medium&#8221; radius=&#8221;6&#8243; title=&#8221;&#8221; description=&#8221;Belgeyi G\u00f6r\u00fcnt\u00fcle&#8221; img_link=&#8221;page_link&#8221; preloader=&#8221;&#8221; css_animation=&#8221;&#8221; link=&#8221;url:https%3A%2F%2Fdemirtasmetal.com.tr%2Fwp-content%2Fuploads%2F2026%2F03%2FISO-9001_EN.pdf|target:_blank&#8221;][\/vc_column_inner][\/vc_row_inner][vc_row_inner consent_include=&#8221;include&#8221;][vc_column_inner width=&#8221;1\/4&#8243; css_animation=&#8221;&#8221;][vc_image_caption image=&#8221;2402&#8243; style=&#8221;style_1&#8243; caption_appear=&#8221;caption_appear&#8221; skin=&#8221;light&#8221; shadow=&#8221;shadow_medium&#8221; [&hellip;]<\/p>\n","protected":false},"author":1,"featured_media":1451,"parent":1686,"menu_order":0,"comment_status":"closed","ping_status":"closed","template":"","meta":{"inline_featured_image":false,"footnotes":""},"class_list":["post-1722","page","type-page","status-publish","has-post-thumbnail","hentry"],"_links":{"self":[{"href":"https:\/\/demirtasmetal.com.tr\/de\/wp-json\/wp\/v2\/pages\/1722","targetHints":{"allow":["GET"]}}],"collection":[{"href":"https:\/\/demirtasmetal.com.tr\/de\/wp-json\/wp\/v2\/pages"}],"about":[{"href":"https:\/\/demirtasmetal.com.tr\/de\/wp-json\/wp\/v2\/types\/page"}],"author":[{"embeddable":true,"href":"https:\/\/demirtasmetal.com.tr\/de\/wp-json\/wp\/v2\/users\/1"}],"replies":[{"embeddable":true,"href":"https:\/\/demirtasmetal.com.tr\/de\/wp-json\/wp\/v2\/comments?post=1722"}],"version-history":[{"count":9,"href":"https:\/\/demirtasmetal.com.tr\/de\/wp-json\/wp\/v2\/pages\/1722\/revisions"}],"predecessor-version":[{"id":2421,"href":"https:\/\/demirtasmetal.com.tr\/de\/wp-json\/wp\/v2\/pages\/1722\/revisions\/2421"}],"up":[{"embeddable":true,"href":"https:\/\/demirtasmetal.com.tr\/de\/wp-json\/wp\/v2\/pages\/1686"}],"wp:featuredmedia":[{"embeddable":true,"href":"https:\/\/demirtasmetal.com.tr\/de\/wp-json\/wp\/v2\/media\/1451"}],"wp:attachment":[{"href":"https:\/\/demirtasmetal.com.tr\/de\/wp-json\/wp\/v2\/media?parent=1722"}],"curies":[{"name":"wp","href":"https:\/\/api.w.org\/{rel}","templated":true}]}}