{"id":1685,"date":"2021-12-15T22:40:12","date_gmt":"2021-12-15T19:40:12","guid":{"rendered":"https:\/\/demirtasmetal.com.tr\/kurumsal\/"},"modified":"2022-05-06T20:13:50","modified_gmt":"2022-05-06T17:13:50","slug":"corporate","status":"publish","type":"page","link":"https:\/\/demirtasmetal.com.tr\/en\/corporate\/","title":{"rendered":"Corporate"},"content":{"rendered":"<div class=\"wpb-content-wrapper\"><p>[vc_row nav_skin=&#8221;light&#8221; consent_include=&#8221;include&#8221;][vc_column css_animation=&#8221;&#8221;][vc_column_text]<\/p>\n<h3>About Us<\/h3>\n<p style=\"text-align: justify;\"><strong>Demirta\u015f Metal A.\u015e\u00a0<\/strong>, has 25.000 m2 modern production area including 3 diffirent sizes and capacities extrusion lines , modern die manufacturing workshop,powder coating line and anodizing line , annual profile production capacity is 17.000 tons.Produced profiles surfaces can be powder coated or anodized as requested type and property.<\/p>\n<p>The manufactured profiles are used in many places including architectural applications, construction, automotive, machine, ventilation, cooling, decoration, illumination, electric and electronic devices, furniture and accessory industries.<\/p>\n<p>65% of the production is for export. The countries where we export, are\u00a0 such as United States, Canada,Germany,France,Italy,Switzerland,Holland,Austria,Lithuania, Hungary, Serbia, Greece, Bosnia and Herzen, Albania, Romania, Bulgaria, Macedonia, Malta, Iraq.<\/p>\n<p>\u201cTS EN ISO 9001,:2008,TSE,CE,QUALANOD and QOAL\u0130COAT\u201d are the quality certificates that we have.<\/p>\n<p>The product quality is followed and checked by the quality control department at each stage of the production . All required quality tests can be performed in the modern\u00a0 laboratory of the company.<\/p>\n<p>With its modern and open-for-innovation company structure, global and non-classical company insight and technological facilities and equipment, DEM\u0130RTA\u015e METAL A.\u015e., within its capacity, is a company that can serve any industry, may need aluminum profiles and accepting the quality and customer satisfaction as the basic principle.<\/p>\n<p>[\/vc_column_text][\/vc_column][\/vc_row]<\/p>\n<\/div>","protected":false},"excerpt":{"rendered":"<p>[vc_row nav_skin=&#8221;light&#8221; consent_include=&#8221;include&#8221;][vc_column css_animation=&#8221;&#8221;][vc_column_text] About Us Demirta\u015f Metal A.\u015e\u00a0, has 25.000 m2 modern production area including 3 diffirent sizes and capacities extrusion lines , modern die manufacturing workshop,powder coating line and anodizing line , annual profile production capacity is 17.000 tons.Produced profiles surfaces can be powder coated or anodized as requested type and property. The manufactured profiles are used in many places including architectural applications, construction, automotive, machine, ventilation, cooling, decoration, illumination, electric and electronic [&hellip;]<\/p>\n","protected":false},"author":1,"featured_media":1496,"parent":0,"menu_order":0,"comment_status":"closed","ping_status":"closed","template":"","meta":{"inline_featured_image":false,"footnotes":""},"class_list":["post-1685","page","type-page","status-publish","has-post-thumbnail","hentry"],"_links":{"self":[{"href":"https:\/\/demirtasmetal.com.tr\/en\/wp-json\/wp\/v2\/pages\/1685","targetHints":{"allow":["GET"]}}],"collection":[{"href":"https:\/\/demirtasmetal.com.tr\/en\/wp-json\/wp\/v2\/pages"}],"about":[{"href":"https:\/\/demirtasmetal.com.tr\/en\/wp-json\/wp\/v2\/types\/page"}],"author":[{"embeddable":true,"href":"https:\/\/demirtasmetal.com.tr\/en\/wp-json\/wp\/v2\/users\/1"}],"replies":[{"embeddable":true,"href":"https:\/\/demirtasmetal.com.tr\/en\/wp-json\/wp\/v2\/comments?post=1685"}],"version-history":[{"count":2,"href":"https:\/\/demirtasmetal.com.tr\/en\/wp-json\/wp\/v2\/pages\/1685\/revisions"}],"predecessor-version":[{"id":1706,"href":"https:\/\/demirtasmetal.com.tr\/en\/wp-json\/wp\/v2\/pages\/1685\/revisions\/1706"}],"wp:featuredmedia":[{"embeddable":true,"href":"https:\/\/demirtasmetal.com.tr\/en\/wp-json\/wp\/v2\/media\/1496"}],"wp:attachment":[{"href":"https:\/\/demirtasmetal.com.tr\/en\/wp-json\/wp\/v2\/media?parent=1685"}],"curies":[{"name":"wp","href":"https:\/\/api.w.org\/{rel}","templated":true}]}}